{"id":47,"date":"2026-03-18T11:21:02","date_gmt":"2026-03-18T11:21:02","guid":{"rendered":"https:\/\/omqirza.store\/?page_id=47"},"modified":"2026-03-18T11:21:10","modified_gmt":"2026-03-18T11:21:10","slug":"stornierungsrichtlinien-fuer-werkstatttermine","status":"publish","type":"page","link":"https:\/\/omqirza.store\/?page_id=47","title":{"rendered":"Stornierungsrichtlinien f\u00fcr Werkstatttermine"},"content":{"rendered":"\n<p>Zeit und Hebeb\u00fchnen-Kapazit\u00e4ten sind in unserer K\u00f6lner Werkstatt exakt getaktet. Diese Richtlinie regelt den Umgang mit Terminabsagen und dem gesetzlichen Widerrufsrecht bei Werkvertr\u00e4gen.<\/p>\n\n\n\n<p><strong>TERMINABSAGEN UND B\u00dcHNENBLOCKADE<\/strong> Vereinbarte Werkstatttermine m\u00fcssen sp\u00e4testens 24 Stunden vor dem geplanten Abgabezeitpunkt per E-Mail an <strong>mail@omqirza.store<\/strong> oder telefonisch abgesagt werden. Bei kurzfristigeren Absagen oder unentschuldigtem Nichterscheinen beh\u00e4lt sich Ahmed Hadzic vor, eine Ausfallpauschale f\u00fcr die blockierte Hebeb\u00fchne und den disponierten Mechaniker in Rechnung zu stellen.<\/p>\n\n\n\n<p><strong>ERL\u00d6SCHEN DES WIDERRUFSRECHTS BEI DIENSTLEISTUNGEN<\/strong> Wenn Sie Reparaturdienstleistungen online oder telefonisch in Auftrag geben, steht Ihnen grunds\u00e4tzlich ein 14-t\u00e4giges Widerrufsrecht zu. <strong>Wichtiger technischer Hinweis:<\/strong> Dieses Widerrufsrecht erlischt vorzeitig, sobald omqirza die Dienstleistung vollst\u00e4ndig erbracht hat (z. B. das \u00d6l gewechselt oder den Zahnriemen getauscht hat) und mit der Ausf\u00fchrung der Reparatur erst nach Ihrer ausdr\u00fccklichen Zustimmung begonnen wurde. Ein &#8222;Widerruf&#8220; einer bereits durchgef\u00fchrten mechanischen Reparatur ist physisch und rechtlich ausgeschlossen. F\u00fcr eigens f\u00fcr Ihr Fahrzeug bestellte, fahrzeugspezifische Ersatzteile (Sonderbeschaffungen) ist das Widerrufsrecht ebenfalls ausgeschlossen.<\/p>\n","protected":false},"excerpt":{"rendered":"<p>Zeit und Hebeb\u00fchnen-Kapazit\u00e4ten sind in unserer K\u00f6lner Werkstatt exakt getaktet. Diese Richtlinie regelt den Umgang mit Terminabsagen und dem gesetzlichen Widerrufsrecht bei Werkvertr\u00e4gen. TERMINABSAGEN UND B\u00dcHNENBLOCKADE Vereinbarte Werkstatttermine m\u00fcssen sp\u00e4testens 24 Stunden vor dem geplanten Abgabezeitpunkt per E-Mail an mail@omqirza.store oder telefonisch abgesagt werden. Bei kurzfristigeren Absagen oder unentschuldigtem Nichterscheinen beh\u00e4lt sich Ahmed Hadzic vor,&hellip;<\/p>\n","protected":false},"author":1,"featured_media":0,"parent":0,"menu_order":11,"comment_status":"closed","ping_status":"closed","template":"","meta":{"footnotes":""},"class_list":["post-47","page","type-page","status-publish","hentry"],"_links":{"self":[{"href":"https:\/\/omqirza.store\/index.php?rest_route=\/wp\/v2\/pages\/47","targetHints":{"allow":["GET"]}}],"collection":[{"href":"https:\/\/omqirza.store\/index.php?rest_route=\/wp\/v2\/pages"}],"about":[{"href":"https:\/\/omqirza.store\/index.php?rest_route=\/wp\/v2\/types\/page"}],"author":[{"embeddable":true,"href":"https:\/\/omqirza.store\/index.php?rest_route=\/wp\/v2\/users\/1"}],"replies":[{"embeddable":true,"href":"https:\/\/omqirza.store\/index.php?rest_route=%2Fwp%2Fv2%2Fcomments&post=47"}],"version-history":[{"count":1,"href":"https:\/\/omqirza.store\/index.php?rest_route=\/wp\/v2\/pages\/47\/revisions"}],"predecessor-version":[{"id":48,"href":"https:\/\/omqirza.store\/index.php?rest_route=\/wp\/v2\/pages\/47\/revisions\/48"}],"wp:attachment":[{"href":"https:\/\/omqirza.store\/index.php?rest_route=%2Fwp%2Fv2%2Fmedia&parent=47"}],"curies":[{"name":"wp","href":"https:\/\/api.w.org\/{rel}","templated":true}]}}